{"id":3495,"date":"2020-02-07T02:16:59","date_gmt":"2020-02-07T05:16:59","guid":{"rendered":"https:\/\/demo.casethemes.net\/consultio-consulting\/?page_id=3495"},"modified":"2023-06-28T10:27:48","modified_gmt":"2023-06-28T13:27:48","slug":"sobre","status":"publish","type":"page","link":"https:\/\/bassiwb.com\/en\/sobre\/","title":{"rendered":"About us"},"content":{"rendered":"<div data-elementor-type=\"wp-page\" data-elementor-id=\"3495\" class=\"elementor elementor-3495\">\n\t\t\t\t\t\t\t        <section class=\"elementor-section elementor-top-section elementor-element elementor-element-6a213009 elementor-section-boxed elementor-section-height-default elementor-section-height-default ct-header-fixed-none ct-row-max-none\" data-id=\"6a213009\" data-element_type=\"section\">\n            \n                        <div class=\"elementor-container elementor-column-gap-extended\">\n                    <div class=\"elementor-column elementor-col-100 elementor-top-column elementor-element elementor-element-28eb358f\" data-id=\"28eb358f\" data-element_type=\"column\">\n            <div class=\"elementor-widget-wrap elementor-element-populated\">\n                        \t\t<div class=\"elementor-element elementor-element-2c1c32ee elementor-widget elementor-widget-ct_title\" data-id=\"2c1c32ee\" data-element_type=\"widget\" data-widget_type=\"ct_title.default\">\n\t\t\t\t<div class=\"elementor-widget-container\">\n\t\t\t<div class=\"ct-title1 style2\">\r\n    <h3>\r\n    \t\t        <span>BWB - International Business<\/span>\r\n\t        <i><\/i>\r\n\t        <\/h3>\r\n<\/div>\t\t<\/div>\n\t\t\t\t<\/div>\n\t\t\t\t<div class=\"elementor-element elementor-element-6ab1baa1 elementor-widget elementor-widget-text-editor\" data-id=\"6ab1baa1\" data-element_type=\"widget\" data-widget_type=\"text-editor.default\">\n\t\t\t\t<div class=\"elementor-widget-container\">\n\t\t\t<style>\/*! elementor - v3.14.0 - 26-06-2023 *\/\n.elementor-widget-text-editor.elementor-drop-cap-view-stacked .elementor-drop-cap{background-color:#69727d;color:#fff}.elementor-widget-text-editor.elementor-drop-cap-view-framed .elementor-drop-cap{color:#69727d;border:3px solid;background-color:transparent}.elementor-widget-text-editor:not(.elementor-drop-cap-view-default) .elementor-drop-cap{margin-top:8px}.elementor-widget-text-editor:not(.elementor-drop-cap-view-default) .elementor-drop-cap-letter{width:1em;height:1em}.elementor-widget-text-editor .elementor-drop-cap{float:left;text-align:center;line-height:1;font-size:50px}.elementor-widget-text-editor .elementor-drop-cap-letter{display:inline-block}<\/style>\t\t\t\t<p style=\"text-align: center;\"><strong>Get to know our international trade consulting and advisory firm, committed to helping its clients grow safely and efficiently.<\/strong><\/p>\t\t\t\t\t\t<\/div>\n\t\t\t\t<\/div>\n\t\t            <\/div>\n        <\/div>\n                            <\/div>\n        <\/section>\n                <section class=\"elementor-section elementor-top-section elementor-element elementor-element-5943951c elementor-section-boxed elementor-section-height-default elementor-section-height-default ct-header-fixed-none ct-row-max-none\" data-id=\"5943951c\" data-element_type=\"section\" data-settings=\"{&quot;background_background&quot;:&quot;classic&quot;}\">\n            \n                        <div class=\"elementor-container elementor-column-gap-default\">\n                    <div class=\"elementor-column elementor-col-50 elementor-top-column elementor-element elementor-element-4d988d8c\" data-id=\"4d988d8c\" data-element_type=\"column\">\n            <div class=\"elementor-widget-wrap elementor-element-populated\">\n                        \t\t<div class=\"elementor-element elementor-element-51b3d177 elementor-widget elementor-widget-image\" data-id=\"51b3d177\" data-element_type=\"widget\" data-widget_type=\"image.default\">\n\t\t\t\t<div class=\"elementor-widget-container\">\n\t\t\t<style>\/*! elementor - v3.14.0 - 26-06-2023 *\/\n.elementor-widget-image{text-align:center}.elementor-widget-image a{display:inline-block}.elementor-widget-image a img[src$=\".svg\"]{width:48px}.elementor-widget-image img{vertical-align:middle;display:inline-block}<\/style>\t\t\t\t\t\t\t\t\t\t\t\t<img decoding=\"async\" src=\"https:\/\/bassiwb.com\/wp-content\/uploads\/elementor\/thumbs\/Logotipo-BWB-Fundo-2.1-q817odo8oqik3zxpgacetgzr8ci8ncs25wnx2j3dr8.png\" title=\"Logo - BWB - Background 2.1\" alt=\"Logotipo - BWB - Fundo 2.1\" loading=\"lazy\" \/>\t\t\t\t\t\t\t\t\t\t\t\t\t\t\t<\/div>\n\t\t\t\t<\/div>\n\t\t            <\/div>\n        <\/div>\n                <div class=\"elementor-column elementor-col-50 elementor-top-column elementor-element elementor-element-8597ad2\" data-id=\"8597ad2\" data-element_type=\"column\">\n            <div class=\"elementor-widget-wrap elementor-element-populated\">\n                        \t\t<div class=\"elementor-element elementor-element-38af6c02 elementor-widget elementor-widget-text-editor\" data-id=\"38af6c02\" data-element_type=\"widget\" data-widget_type=\"text-editor.default\">\n\t\t\t\t<div class=\"elementor-widget-container\">\n\t\t\t\t\t\t\t<p>We are a company specialized in offering consulting and advisory services to companies that want to expand their business through international trade. With a team of highly trained and experienced professionals, we are committed to helping our customers achieve their growth goals safely and efficiently.<\/p><p>Our commitment to excellence and the success of our clients leads us to constantly seek the best solutions and practices to meet the individual needs of each project. We work with transparency, ethics and professionalism at all stages of the process, offering personalized and dedicated service to each client.<\/p>\t\t\t\t\t\t<\/div>\n\t\t\t\t<\/div>\n\t\t            <\/div>\n        <\/div>\n                            <\/div>\n        <\/section>\n        \t\t\t\t\t<\/div>","protected":false},"excerpt":{"rendered":"<p>BWB &#8211; International Business Conhe\u00e7a a nossa empresa de consultoria e assessoria em com\u00e9rcio internacional, comprometida em ajudar o seu cliente a crescer de forma segura e eficiente. N\u00f3s somos uma empresa especializada em oferecer servi\u00e7os de consultoria e assessoria para empresas que desejam expandir seus neg\u00f3cios por meio de com\u00e9rcio internacional. Com uma equipe [&hellip;]<\/p>","protected":false},"author":1,"featured_media":0,"parent":0,"menu_order":0,"comment_status":"closed","ping_status":"closed","template":"","meta":{"footnotes":""},"class_list":["post-3495","page","type-page","status-publish","hentry"],"_links":{"self":[{"href":"https:\/\/bassiwb.com\/en\/wp-json\/wp\/v2\/pages\/3495","targetHints":{"allow":["GET"]}}],"collection":[{"href":"https:\/\/bassiwb.com\/en\/wp-json\/wp\/v2\/pages"}],"about":[{"href":"https:\/\/bassiwb.com\/en\/wp-json\/wp\/v2\/types\/page"}],"author":[{"embeddable":true,"href":"https:\/\/bassiwb.com\/en\/wp-json\/wp\/v2\/users\/1"}],"replies":[{"embeddable":true,"href":"https:\/\/bassiwb.com\/en\/wp-json\/wp\/v2\/comments?post=3495"}],"version-history":[{"count":15,"href":"https:\/\/bassiwb.com\/en\/wp-json\/wp\/v2\/pages\/3495\/revisions"}],"predecessor-version":[{"id":6081,"href":"https:\/\/bassiwb.com\/en\/wp-json\/wp\/v2\/pages\/3495\/revisions\/6081"}],"wp:attachment":[{"href":"https:\/\/bassiwb.com\/en\/wp-json\/wp\/v2\/media?parent=3495"}],"curies":[{"name":"wp","href":"https:\/\/api.w.org\/{rel}","templated":true}]}}