{"id":5907,"date":"2023-06-16T04:37:30","date_gmt":"2023-06-16T07:37:30","guid":{"rendered":"https:\/\/bassiwb.com\/?page_id=5907"},"modified":"2023-06-28T10:22:48","modified_gmt":"2023-06-28T13:22:48","slug":"oportunidades","status":"publish","type":"page","link":"https:\/\/bassiwb.com\/es\/oportunidades\/","title":{"rendered":"Oportunidades"},"content":{"rendered":"<div data-elementor-type=\"wp-page\" data-elementor-id=\"5907\" class=\"elementor elementor-5907\">\n\t\t\t\t\t\t\t        <section class=\"elementor-section elementor-top-section elementor-element elementor-element-6a213009 elementor-section-boxed elementor-section-height-default elementor-section-height-default ct-header-fixed-none ct-row-max-none\" data-id=\"6a213009\" data-element_type=\"section\">\n            \n                        <div class=\"elementor-container elementor-column-gap-extended\">\n                    <div class=\"elementor-column elementor-col-100 elementor-top-column elementor-element elementor-element-28eb358f\" data-id=\"28eb358f\" data-element_type=\"column\">\n            <div class=\"elementor-widget-wrap elementor-element-populated\">\n                        \t\t<div class=\"elementor-element elementor-element-2c1c32ee elementor-widget elementor-widget-ct_title\" data-id=\"2c1c32ee\" data-element_type=\"widget\" data-widget_type=\"ct_title.default\">\n\t\t\t\t<div class=\"elementor-widget-container\">\n\t\t\t<div class=\"ct-title1 style2\">\r\n    <h3>\r\n    \t\t        <span>BWB - Negocios Internacionales<\/span>\r\n\t        <i><\/i>\r\n\t        <\/h3>\r\n<\/div>\t\t<\/div>\n\t\t\t\t<\/div>\n\t\t\t\t<div class=\"elementor-element elementor-element-6ab1baa1 elementor-widget elementor-widget-text-editor\" data-id=\"6ab1baa1\" data-element_type=\"widget\" data-widget_type=\"text-editor.default\">\n\t\t\t\t<div class=\"elementor-widget-container\">\n\t\t\t<style>\/*! elementor - v3.14.0 - 26-06-2023 *\/\n.elementor-widget-text-editor.elementor-drop-cap-view-stacked .elementor-drop-cap{background-color:#69727d;color:#fff}.elementor-widget-text-editor.elementor-drop-cap-view-framed .elementor-drop-cap{color:#69727d;border:3px solid;background-color:transparent}.elementor-widget-text-editor:not(.elementor-drop-cap-view-default) .elementor-drop-cap{margin-top:8px}.elementor-widget-text-editor:not(.elementor-drop-cap-view-default) .elementor-drop-cap-letter{width:1em;height:1em}.elementor-widget-text-editor .elementor-drop-cap{float:left;text-align:center;line-height:1;font-size:50px}.elementor-widget-text-editor .elementor-drop-cap-letter{display:inline-block}<\/style>\t\t\t\t<p style=\"text-align: center;\"><strong>Navega por las categor\u00edas para encontrar los negocios que te interesan<\/strong><\/p>\t\t\t\t\t\t<\/div>\n\t\t\t\t<\/div>\n\t\t            <\/div>\n        <\/div>\n                            <\/div>\n        <\/section>\n                <section class=\"elementor-section elementor-top-section elementor-element elementor-element-5943951c elementor-section-boxed elementor-section-height-default elementor-section-height-default ct-header-fixed-none ct-row-max-none\" data-id=\"5943951c\" data-element_type=\"section\" data-settings=\"{&quot;background_background&quot;:&quot;classic&quot;}\">\n            \n                        <div class=\"elementor-container elementor-column-gap-default\">\n                    <div class=\"elementor-column elementor-col-100 elementor-top-column elementor-element elementor-element-8597ad2\" data-id=\"8597ad2\" data-element_type=\"column\">\n            <div class=\"elementor-widget-wrap elementor-element-populated\">\n                        \t\t<div class=\"elementor-element elementor-element-38af6c02 elementor-widget elementor-widget-text-editor\" data-id=\"38af6c02\" data-element_type=\"widget\" data-widget_type=\"text-editor.default\">\n\t\t\t\t<div class=\"elementor-widget-container\">\n\t\t\t\t\t\t\t<p>El mercado de compra y venta de negocios siempre est\u00e1 en movimiento y presenta muchas oportunidades en diferentes \u00e1reas. En agronegocios, por ejemplo, es posible encontrar oportunidades en segmentos como producci\u00f3n de alimentos, ganader\u00eda y agricultura de precisi\u00f3n. En el \u00e1rea de la salud, existen oportunidades en cl\u00ednicas, hospitales y laboratorios. En industria, es posible encontrar oportunidades en sectores como automoci\u00f3n, tecnolog\u00eda y construcci\u00f3n civil. Y en el \u00e1rea de comercio es posible encontrar oportunidades en segmentos como retail, e-commerce y franquicias. Estar al tanto de estas oportunidades puede ser una excelente manera de impulsar el crecimiento de su negocio.<\/p>\t\t\t\t\t\t<\/div>\n\t\t\t\t<\/div>\n\t\t\t\t<div class=\"elementor-element elementor-element-bee9e38 elementor-widget elementor-widget-ct_portfolio_grid\" data-id=\"bee9e38\" data-element_type=\"widget\" data-widget_type=\"ct_portfolio_grid.default\">\n\t\t\t\t<div class=\"elementor-widget-container\">\n\t\t\t\r\n<div id=\"ct_portfolio_grid-bee9e38\" class=\"ct-grid ct-portfolio-grid3\" data-layout=\"masonry\" data-start-page=\"1\" data-max-pages=\"1\" data-total=\"5\" data-perpage=\"99\" data-next-link=\"\">\r\n    <div class=\"ct-grid-overlay\"><\/div>\r\n            <div class=\"grid-filter-wrap\">\r\n            <span class=\"filter-item active\" data-filter=\"*\">Todo<\/span>\r\n                                                            \r\n                <span class=\"filter-item\" data-filter=\".agronegocio\">\r\n                    agroindustria                <\/span>\r\n                                                            \r\n                <span class=\"filter-item\" data-filter=\".commodities\">\r\n                    materias primas                <\/span>\r\n                                                            \r\n                <span class=\"filter-item\" data-filter=\".industria\">\r\n                    Industria                <\/span>\r\n                                                            \r\n                <span class=\"filter-item\" data-filter=\".mineracao\">\r\n                    Miner\u00eda                <\/span>\r\n                    <\/div>\r\n    \r\n    <div class=\"ct-grid-inner ct-grid-masonry row animate-time\" data-gutter=\"15\">\r\n                        <div class=\"grid-item col-xl-3 col-lg-3 col-md-4 col-sm-6 col-12 industria\">\r\n                    <div class=\"grid-item-inner\">\r\n                                                    <div class=\"item--featured\">\r\n                                <a href=\"https:\/\/bassiwb.com\/es\/oportunidade\/id001-fabrica-de-cimento-norte\/\"><img decoding=\"async\" class=\"disable-lazy no-lazyload\" src=\"https:\/\/bassiwb.com\/wp-content\/uploads\/2023\/06\/titulos-515x589.jpg\" width=\"515\" height=\"589\" alt=\"titulos\" title=\"t\u00edtulos\" \/><\/a>\r\n                                                                    <div class=\"item--category\">\r\n                                        <a href=\"https:\/\/bassiwb.com\/es\/portfolio-category\/industria\/\" rel=\"tag\">Industria<\/a>                                    <\/div>\r\n                                                            <\/div>\r\n                                                \r\n                                                    <h3 class=\"item--title\"><a href=\"https:\/\/bassiwb.com\/es\/oportunidade\/id001-fabrica-de-cimento-norte\/\">#ID001 F\u00e1brica de cemento - Norte<\/a><\/h3>\r\n                        \r\n                    <\/div>\r\n                <\/div>\r\n                            <div class=\"grid-item col-xl-3 col-lg-3 col-md-4 col-sm-6 col-12 commodities\">\r\n                    <div class=\"grid-item-inner\">\r\n                                                    <div class=\"item--featured\">\r\n                                <a href=\"https:\/\/bassiwb.com\/es\/oportunidade\/cm001-lingotes-de-aluminio\/\"><img decoding=\"async\" class=\"disable-lazy no-lazyload\" src=\"https:\/\/bassiwb.com\/wp-content\/uploads\/2023\/06\/Imagem-do-WhatsApp-de-2023-06-27-as-12.44.05-600x589.jpg\" width=\"600\" height=\"589\" alt=\"Imagem do WhatsApp de 2023-06-27 \u00e0(s) 12.44.05\" title=\"Imagen de WhatsApp del 27-06-2023 al 44.05.12\" \/><\/a>\r\n                                                                    <div class=\"item--category\">\r\n                                        <a href=\"https:\/\/bassiwb.com\/es\/portfolio-category\/commodities\/\" rel=\"tag\">materias primas<\/a>                                    <\/div>\r\n                                                            <\/div>\r\n                                                \r\n                                                    <h3 class=\"item--title\"><a href=\"https:\/\/bassiwb.com\/es\/oportunidade\/cm001-lingotes-de-aluminio\/\">#CM001 Lingotes de Aluminio<\/a><\/h3>\r\n                        \r\n                    <\/div>\r\n                <\/div>\r\n                            <div class=\"grid-item col-xl-3 col-lg-3 col-md-4 col-sm-6 col-12 agronegocio\">\r\n                    <div class=\"grid-item-inner\">\r\n                                                    <div class=\"item--featured\">\r\n                                <a href=\"https:\/\/bassiwb.com\/es\/oportunidade\/ag002\/\"><img decoding=\"async\" class=\"disable-lazy no-lazyload\" src=\"https:\/\/bassiwb.com\/wp-content\/uploads\/2023\/06\/IMG-20230628-WA0049-600x589.jpg\" width=\"600\" height=\"589\" alt=\"IMG-20230628-WA0049\" title=\"IMG-20230628-WA0049\" \/><\/a>\r\n                                                                    <div class=\"item--category\">\r\n                                        <a href=\"https:\/\/bassiwb.com\/es\/portfolio-category\/agronegocio\/\" rel=\"tag\">agroindustria<\/a>                                    <\/div>\r\n                                                            <\/div>\r\n                                                \r\n                                                    <h3 class=\"item--title\"><a href=\"https:\/\/bassiwb.com\/es\/oportunidade\/ag002\/\">#AG002 Granja en Ipiranga do Norte\/MT<\/a><\/h3>\r\n                        \r\n                    <\/div>\r\n                <\/div>\r\n                            <div class=\"grid-item col-xl-3 col-lg-3 col-md-4 col-sm-6 col-12 agronegocio industria\">\r\n                    <div class=\"grid-item-inner\">\r\n                                                    <div class=\"item--featured\">\r\n                                <a href=\"https:\/\/bassiwb.com\/es\/oportunidade\/ag001\/\"><img decoding=\"async\" class=\"disable-lazy no-lazyload\" src=\"https:\/\/bassiwb.com\/wp-content\/uploads\/2023\/06\/IMG-20230628-WA0072-600x589.jpg\" width=\"600\" height=\"589\" alt=\"IMG-20230628-WA0072\" title=\"IMG-20230628-WA0072\" \/><\/a>\r\n                                                                    <div class=\"item--category\">\r\n                                        <a href=\"https:\/\/bassiwb.com\/es\/portfolio-category\/agronegocio\/\" rel=\"tag\">agroindustria<\/a> <a href=\"https:\/\/bassiwb.com\/es\/portfolio-category\/industria\/\" rel=\"tag\">Industria<\/a>                                    <\/div>\r\n                                                            <\/div>\r\n                                                \r\n                                                    <h3 class=\"item--title\"><a href=\"https:\/\/bassiwb.com\/es\/oportunidade\/ag001\/\">#AG001 Finca con F\u00e1brica de Aceite\/MT<\/a><\/h3>\r\n                        \r\n                    <\/div>\r\n                <\/div>\r\n                            <div class=\"grid-item col-xl-3 col-lg-3 col-md-4 col-sm-6 col-12 mineracao\">\r\n                    <div class=\"grid-item-inner\">\r\n                                                    <div class=\"item--featured\">\r\n                                <a href=\"https:\/\/bassiwb.com\/es\/oportunidade\/mn001\/\"><img decoding=\"async\" class=\"disable-lazy no-lazyload\" src=\"https:\/\/bassiwb.com\/wp-content\/uploads\/2023\/06\/Untitled-35-600x550.jpg\" width=\"600\" height=\"550\" alt=\"Untitled 35\" title=\"Sin t\u00edtulo 35\" \/><\/a>\r\n                                                                    <div class=\"item--category\">\r\n                                        <a href=\"https:\/\/bassiwb.com\/es\/portfolio-category\/mineracao\/\" rel=\"tag\">Miner\u00eda<\/a>                                    <\/div>\r\n                                                            <\/div>\r\n                                                \r\n                                                    <h3 class=\"item--title\"><a href=\"https:\/\/bassiwb.com\/es\/oportunidade\/mn001\/\">#MN001 Mineradora de Oro\/MS<\/a><\/h3>\r\n                        \r\n                    <\/div>\r\n                <\/div>\r\n                                <div class=\"grid-sizer col-xl-3 col-lg-3 col-md-4 col-sm-6 col-12\"><\/div>\r\n            <\/div>\r\n        <\/div>\t\t<\/div>\n\t\t\t\t<\/div>\n\t\t            <\/div>\n        <\/div>\n                            <\/div>\n        <\/section>\n        \t\t\t\t\t<\/div>","protected":false},"excerpt":{"rendered":"<p>BWB &#8211; International Business Navegue pelas categorias para encontrar os neg\u00f3cios de seu interesse O mercado de compra e venda de neg\u00f3cios est\u00e1 sempre em movimento e apresenta diversas oportunidades em diferentes \u00e1reas. No agroneg\u00f3cio, por exemplo, \u00e9 poss\u00edvel encontrar oportunidades em segmentos como produ\u00e7\u00e3o de alimentos, pecu\u00e1ria e agricultura de precis\u00e3o. J\u00e1 na \u00e1rea [&hellip;]<\/p>","protected":false},"author":1,"featured_media":5998,"parent":0,"menu_order":0,"comment_status":"closed","ping_status":"closed","template":"","meta":{"footnotes":""},"class_list":["post-5907","page","type-page","status-publish","has-post-thumbnail","hentry"],"_links":{"self":[{"href":"https:\/\/bassiwb.com\/es\/wp-json\/wp\/v2\/pages\/5907","targetHints":{"allow":["GET"]}}],"collection":[{"href":"https:\/\/bassiwb.com\/es\/wp-json\/wp\/v2\/pages"}],"about":[{"href":"https:\/\/bassiwb.com\/es\/wp-json\/wp\/v2\/types\/page"}],"author":[{"embeddable":true,"href":"https:\/\/bassiwb.com\/es\/wp-json\/wp\/v2\/users\/1"}],"replies":[{"embeddable":true,"href":"https:\/\/bassiwb.com\/es\/wp-json\/wp\/v2\/comments?post=5907"}],"version-history":[{"count":23,"href":"https:\/\/bassiwb.com\/es\/wp-json\/wp\/v2\/pages\/5907\/revisions"}],"predecessor-version":[{"id":6048,"href":"https:\/\/bassiwb.com\/es\/wp-json\/wp\/v2\/pages\/5907\/revisions\/6048"}],"wp:featuredmedia":[{"embeddable":true,"href":"https:\/\/bassiwb.com\/es\/wp-json\/wp\/v2\/media\/5998"}],"wp:attachment":[{"href":"https:\/\/bassiwb.com\/es\/wp-json\/wp\/v2\/media?parent=5907"}],"curies":[{"name":"wp","href":"https:\/\/api.w.org\/{rel}","templated":true}]}}